{"id":10,"date":"2023-03-19T07:55:10","date_gmt":"2023-03-19T07:55:10","guid":{"rendered":"https:\/\/www.carnitasely.com.mx\/?page_id=10"},"modified":"2023-03-28T22:52:46","modified_gmt":"2023-03-28T22:52:46","slug":"acerca-de","status":"publish","type":"page","link":"https:\/\/carnitasely.com.mx\/index.php\/acerca-de\/","title":{"rendered":"Acerca de"},"content":{"rendered":"\n<p class=\"has-medium-font-size\"><strong>Carnitas Ely,<\/strong>&nbsp;en 1965 con tan solo 17 a\u00f1os su fundadora abre sus puertas en el Barrio de la Acocota. Desde el primer d\u00eda y hasta hoy d\u00eda, la pasi\u00f3n por preparar cada uno de los platillos se ha convertido en una pasi\u00f3n. <\/p>\n\n\n\n<p class=\"has-medium-font-size\">Dia a d\u00eda nuestra marca se ha convertido en un lugar que ha visto pasar varias generaciones y esto nos motiva a continuar amando lo que nos apasiona.<\/p>\n\n\n\n<p class=\"has-medium-font-size\"><\/p>\n","protected":false},"excerpt":{"rendered":"<p>Carnitas Ely,&nbsp;en 1965 con tan solo 17 a\u00f1os su fundadora abre sus puertas en el Barrio de la Acocota. Desde el primer d\u00eda y hasta hoy d\u00eda, la pasi\u00f3n por preparar cada uno de los platillos se ha convertido en una pasi\u00f3n. Dia a d\u00eda nuestra marca se ha convertido en un lugar que ha &hellip; <\/p>\n<p class=\"link-more\"><a href=\"https:\/\/carnitasely.com.mx\/index.php\/acerca-de\/\" class=\"more-link\">Continuar leyendo<span class=\"screen-reader-text\"> \u00abAcerca de\u00bb<\/span><\/a><\/p>\n","protected":false},"author":1,"featured_media":37,"parent":0,"menu_order":0,"comment_status":"closed","ping_status":"closed","template":"","meta":{"footnotes":""},"class_list":["post-10","page","type-page","status-publish","has-post-thumbnail","hentry"],"_links":{"self":[{"href":"https:\/\/carnitasely.com.mx\/index.php\/wp-json\/wp\/v2\/pages\/10","targetHints":{"allow":["GET"]}}],"collection":[{"href":"https:\/\/carnitasely.com.mx\/index.php\/wp-json\/wp\/v2\/pages"}],"about":[{"href":"https:\/\/carnitasely.com.mx\/index.php\/wp-json\/wp\/v2\/types\/page"}],"author":[{"embeddable":true,"href":"https:\/\/carnitasely.com.mx\/index.php\/wp-json\/wp\/v2\/users\/1"}],"replies":[{"embeddable":true,"href":"https:\/\/carnitasely.com.mx\/index.php\/wp-json\/wp\/v2\/comments?post=10"}],"version-history":[{"count":3,"href":"https:\/\/carnitasely.com.mx\/index.php\/wp-json\/wp\/v2\/pages\/10\/revisions"}],"predecessor-version":[{"id":343,"href":"https:\/\/carnitasely.com.mx\/index.php\/wp-json\/wp\/v2\/pages\/10\/revisions\/343"}],"wp:featuredmedia":[{"embeddable":true,"href":"https:\/\/carnitasely.com.mx\/index.php\/wp-json\/wp\/v2\/media\/37"}],"wp:attachment":[{"href":"https:\/\/carnitasely.com.mx\/index.php\/wp-json\/wp\/v2\/media?parent=10"}],"curies":[{"name":"wp","href":"https:\/\/api.w.org\/{rel}","templated":true}]}}