{"id":3,"date":"2023-03-19T07:25:00","date_gmt":"2023-03-19T07:25:00","guid":{"rendered":"https:\/\/www.carnitasely.com.mx\/?page_id=3"},"modified":"2023-03-28T23:16:15","modified_gmt":"2023-03-28T23:16:15","slug":"privacidad","status":"publish","type":"page","link":"https:\/\/carnitasely.com.mx\/index.php\/privacidad\/","title":{"rendered":"Privacidad"},"content":{"rendered":"\t\t<div data-elementor-type=\"wp-page\" data-elementor-id=\"3\" class=\"elementor elementor-3\" data-elementor-post-type=\"page\">\n\t\t\t\t\t\t<section class=\"elementor-section elementor-top-section elementor-element elementor-element-6dff43d8 elementor-section-boxed elementor-section-height-default elementor-section-height-default\" data-id=\"6dff43d8\" data-element_type=\"section\" data-e-type=\"section\">\n\t\t\t\t\t\t<div class=\"elementor-container elementor-column-gap-default\">\n\t\t\t\t\t<div class=\"elementor-column elementor-col-100 elementor-top-column elementor-element elementor-element-7ba2e39d\" data-id=\"7ba2e39d\" data-element_type=\"column\" data-e-type=\"column\">\n\t\t\t<div class=\"elementor-widget-wrap elementor-element-populated\">\n\t\t\t\t\t\t<div class=\"elementor-element elementor-element-c0af398 elementor-widget elementor-widget-text-editor\" data-id=\"c0af398\" data-element_type=\"widget\" data-e-type=\"widget\" data-widget_type=\"text-editor.default\">\n\t\t\t\t<div class=\"elementor-widget-container\">\n\t\t\t\t\t\t\t\t\t<p><\/p>\n<h2 class=\"has-medium-font-size wp-block-heading\">Cumplimos con los lineamientos que garantizan el uso correcto de la informaci\u00f3n<\/h2>\n<p><\/p>\n<p><\/p>\n<p><\/p>\n<p><\/p>\n<p class=\"has-medium-font-size\"><strong class=\"privacy-policy-tutorial\">Nuestra sitio: <\/strong><\/p>\n<p><\/p>\n<p><\/p>\n<p>Pagina Oficial: <strong>https:\/\/carnitasely.com.mx<\/strong>.<\/p>\n<p><\/p>\n<p><\/p>\n<p class=\"has-medium-font-size\">Cuando usted visita nuestra pagina, no es necesario llenar alg\u00fan tipo de formulario, ya que no le pediremos informaci\u00f3n sensible o personal<\/p>\n<p><\/p>\n<p><\/p>\n<p class=\"has-medium-font-size\"><strong>Media<\/strong><\/p>\n<p><\/p>\n<p><\/p>\n<p class=\"has-medium-font-size\">Todas las im\u00e1genes y documentos que se encuentran en esta pagina fueron creadas para uso exclusivo de nuestra marca<\/p>\n<p><\/p>\n<p><\/p>\n<h2 class=\"has-medium-font-size wp-block-heading\"><strong>Cookies<\/strong><\/h2>\n<p><\/p>\n<p><\/p>\n<p class=\"has-medium-font-size\">Utilizamos m\u00e9todos seguro para evitar el SPAM, cumplimos con las normas de seguridad inform\u00e1tica para garantizar el uso correcto de este sitio<\/p>\n<p><\/p>\n<p><\/p>\n<h2 class=\"has-medium-font-size wp-block-heading\"><strong>Aviso de Privacidad<\/strong><\/h2>\n<p><\/p>\n<p><\/p>\n<p class=\"has-medium-font-size\"><strong class=\"privacy-policy-tutorial\"><a href=\"https:\/\/carnitasely.com.mx\/wp-content\/uploads\/2023\/03\/AVISO-DE-PRIVACIDAD.pdf\">Si lo desea puede consultar nuestro aviso de privacidad<\/a><\/strong><\/p>\n<p><\/p>\t\t\t\t\t\t\t\t<\/div>\n\t\t\t\t<\/div>\n\t\t\t\t\t<\/div>\n\t\t<\/div>\n\t\t\t\t\t<\/div>\n\t\t<\/section>\n\t\t\t\t<\/div>\n\t\t","protected":false},"excerpt":{"rendered":"<p>Cumplimos con los lineamientos que garantizan el uso correcto de la informaci\u00f3n Nuestra sitio: Pagina Oficial: https:\/\/carnitasely.com.mx. Cuando usted visita nuestra pagina, no es necesario llenar alg\u00fan tipo de formulario, ya que no le pediremos informaci\u00f3n sensible o personal Media Todas las im\u00e1genes y documentos que se encuentran en esta pagina fueron creadas para uso &hellip; <\/p>\n<p class=\"link-more\"><a href=\"https:\/\/carnitasely.com.mx\/index.php\/privacidad\/\" class=\"more-link\">Continuar leyendo<span class=\"screen-reader-text\"> \u00abPrivacidad\u00bb<\/span><\/a><\/p>\n","protected":false},"author":1,"featured_media":0,"parent":0,"menu_order":0,"comment_status":"closed","ping_status":"open","template":"","meta":{"footnotes":""},"class_list":["post-3","page","type-page","status-publish","hentry"],"_links":{"self":[{"href":"https:\/\/carnitasely.com.mx\/index.php\/wp-json\/wp\/v2\/pages\/3","targetHints":{"allow":["GET"]}}],"collection":[{"href":"https:\/\/carnitasely.com.mx\/index.php\/wp-json\/wp\/v2\/pages"}],"about":[{"href":"https:\/\/carnitasely.com.mx\/index.php\/wp-json\/wp\/v2\/types\/page"}],"author":[{"embeddable":true,"href":"https:\/\/carnitasely.com.mx\/index.php\/wp-json\/wp\/v2\/users\/1"}],"replies":[{"embeddable":true,"href":"https:\/\/carnitasely.com.mx\/index.php\/wp-json\/wp\/v2\/comments?post=3"}],"version-history":[{"count":12,"href":"https:\/\/carnitasely.com.mx\/index.php\/wp-json\/wp\/v2\/pages\/3\/revisions"}],"predecessor-version":[{"id":434,"href":"https:\/\/carnitasely.com.mx\/index.php\/wp-json\/wp\/v2\/pages\/3\/revisions\/434"}],"wp:attachment":[{"href":"https:\/\/carnitasely.com.mx\/index.php\/wp-json\/wp\/v2\/media?parent=3"}],"curies":[{"name":"wp","href":"https:\/\/api.w.org\/{rel}","templated":true}]}}